{"id":705,"date":"2024-03-26T17:16:06","date_gmt":"2024-03-26T17:16:06","guid":{"rendered":"https:\/\/elitvipdizayn.com\/?page_id=705"},"modified":"2024-11-22T18:11:31","modified_gmt":"2024-11-22T18:11:31","slug":"hizmetlerimiz","status":"publish","type":"page","link":"https:\/\/elitvipdizayn.com\/en\/hizmetlerimiz\/","title":{"rendered":"Our Services"},"content":{"rendered":"<div data-elementor-type=\"wp-page\" data-elementor-id=\"705\" class=\"elementor elementor-705\">\n\t\t\t\t\t\t<section class=\"elementor-section elementor-top-section elementor-element elementor-element-73508c3 elementor-section-boxed elementor-section-height-default elementor-section-height-default sc_fly_static\" data-id=\"73508c3\" data-element_type=\"section\" data-settings=\"{&quot;background_background&quot;:&quot;classic&quot;}\">\n\t\t\t\t\t\t<div class=\"elementor-container elementor-column-gap-no\">\n\t\t\t\t\t<div class=\"elementor-column elementor-col-100 elementor-top-column elementor-element elementor-element-7528468 sc_extra_bg_extra_left scheme_light sc_content_align_inherit sc_layouts_column_icons_position_left sc_fly_static\" data-id=\"7528468\" data-element_type=\"column\" data-settings=\"{&quot;background_background&quot;:&quot;classic&quot;}\">\n\t\t\t<div class=\"elementor-widget-wrap elementor-element-populated\">\n\t\t\t\t\t\t<div class=\"elementor-element elementor-element-1e636bb sc_height_huge sc_fly_static elementor-widget elementor-widget-spacer\" data-id=\"1e636bb\" data-element_type=\"widget\" data-widget_type=\"spacer.default\">\n\t\t\t\t<div class=\"elementor-widget-container\">\n\t\t\t\t\t\t\t<div class=\"elementor-spacer\">\n\t\t\t<div class=\"elementor-spacer-inner\"><\/div>\n\t\t<\/div>\n\t\t\t\t\t\t<\/div>\n\t\t\t\t<\/div>\n\t\t\t\t<div class=\"elementor-element elementor-element-dab16dd sc_layouts_hide_on_notebook sc_layouts_hide_on_mobile sc_layouts_hide_on_tablet sc_fly_static elementor-widget elementor-widget-spacer\" data-id=\"dab16dd\" data-element_type=\"widget\" data-widget_type=\"spacer.default\">\n\t\t\t\t<div class=\"elementor-widget-container\">\n\t\t\t\t\t\t\t<div class=\"elementor-spacer\">\n\t\t\t<div class=\"elementor-spacer-inner\"><\/div>\n\t\t<\/div>\n\t\t\t\t\t\t<\/div>\n\t\t\t\t<\/div>\n\t\t\t\t<div class=\"elementor-element elementor-element-49df39e sc_fly_static elementor-widget elementor-widget-trx_sc_services\" data-id=\"49df39e\" data-element_type=\"widget\" data-widget_type=\"trx_sc_services.default\">\n\t\t\t\t<div class=\"elementor-widget-container\">\n\t\t\t\t\t<div class=\"sc_services sc_services_strong sc_services_featured_top\"><div class=\"sc_services_columns_wrap sc_item_columns sc_item_posts_container sc_item_columns_3 trx_addons_columns_wrap columns_padding_bottom columns_in_single_row\"><div class=\"trx_addons_column-1_3\"><div data-post-id=\"38617\" class=\"sc_services_item sc_item_container post_container with_content with_image sc_services_item_featured_none post-38617 cpt_portfolio type-cpt_portfolio status-publish has-post-thumbnail hentry cpt_portfolio_group-hizmetlerimiz\">\n\t\t<div class=\"sc_services_item_content\" style=\"background-image: url(https:\/\/elitvipdizayn.com\/wp-content\/uploads\/2024\/03\/vip-design-840x952.jpg);\">\n\t\t\t\t<div class=\"sc_services_item_content_inner\"><div class=\"sc_services_item_content_inner_bottom\">\n                <h6 class=\"sc_services_item_title\"><a href=\"https:\/\/elitvipdizayn.com\/en\/portfolio\/vip-dizayn\/\">VIP Design<\/a><\/h6>\n                <div class=\"sc_services_item_text\"><p>Elit VIP Design: A New Era in Vehicle Comfort Elit VIP Design offers its customers a unique experience by offering the highest level of quality and aesthetics in luxury vehicle interior designs. Personalized VIP...<\/p>\n<\/div><\/div><\/div><a class=\"sc_services_item_link\" href=\"https:\/\/elitvipdizayn.com\/en\/portfolio\/vip-dizayn\/\"><\/a><\/div><\/div><\/div><div class=\"trx_addons_column-1_3\"><div data-post-id=\"40634\" class=\"sc_services_item sc_item_container post_container with_content with_image sc_services_item_featured_none post-40634 cpt_portfolio type-cpt_portfolio status-publish has-post-thumbnail hentry cpt_portfolio_group-hizmetlerimiz\">\n\t\t<div class=\"sc_services_item_content\" style=\"background-image: url(https:\/\/elitvipdizayn.com\/wp-content\/uploads\/2024\/03\/karavan-design-840x692.png);\">\n\t\t\t\t<div class=\"sc_services_item_content_inner\"><div class=\"sc_services_item_content_inner_bottom\">\n                <h6 class=\"sc_services_item_title\"><a href=\"https:\/\/elitvipdizayn.com\/en\/portfolio\/karavan-dizayn\/\">Caravan Design<\/a><\/h6>\n                <div class=\"sc_services_item_text\"><p>Enjoy Comfort and Luxury in Caravan with Elit VIP Design As Elit VIP Design, we make your travels more comfortable and luxurious with the special design services we offer to caravan owners. With our personalized solutions...<\/p>\n<\/div><\/div><\/div><a class=\"sc_services_item_link\" href=\"https:\/\/elitvipdizayn.com\/en\/portfolio\/karavan-dizayn\/\"><\/a><\/div><\/div><\/div><div class=\"trx_addons_column-1_3\"><div data-post-id=\"40639\" class=\"sc_services_item sc_item_container post_container with_content with_image sc_services_item_featured_none post-40639 cpt_portfolio type-cpt_portfolio status-publish has-post-thumbnail hentry cpt_portfolio_group-hizmetlerimiz\">\n\t\t<div class=\"sc_services_item_content\" style=\"background-image: url(https:\/\/elitvipdizayn.com\/wp-content\/uploads\/2024\/11\/2-840x853.jpg);\">\n\t\t\t\t<div class=\"sc_services_item_content_inner\"><div class=\"sc_services_item_content_inner_bottom\">\n                <h6 class=\"sc_services_item_title\"><a href=\"https:\/\/elitvipdizayn.com\/en\/portfolio\/yurtdisi-vip-arac-ve-karavan-dizayn\/\">International VIP and Caravan Design<\/a><\/h6>\n                <div class=\"sc_services_item_text\"><p>Special Solutions and Global Service with Elit VIP Design As Elit VIP Design, we offer special solutions in vehicle interior and caravan design by offering the highest level of comfort and luxury to our valued customers abroad...<\/p>\n<\/div><\/div><\/div><a class=\"sc_services_item_link\" href=\"https:\/\/elitvipdizayn.com\/en\/portfolio\/yurtdisi-vip-arac-ve-karavan-dizayn\/\"><\/a><\/div><\/div><\/div><\/div><\/div>\t\t\t\t<\/div>\n\t\t\t\t<\/div>\n\t\t\t\t<div class=\"elementor-element elementor-element-fea5480 sc_height_huge sc_fly_static elementor-widget elementor-widget-spacer\" data-id=\"fea5480\" data-element_type=\"widget\" data-widget_type=\"spacer.default\">\n\t\t\t\t<div class=\"elementor-widget-container\">\n\t\t\t\t\t\t\t<div class=\"elementor-spacer\">\n\t\t\t<div class=\"elementor-spacer-inner\"><\/div>\n\t\t<\/div>\n\t\t\t\t\t\t<\/div>\n\t\t\t\t<\/div>\n\t\t\t\t<div class=\"elementor-element elementor-element-48b85e4 sc_layouts_hide_on_notebook sc_layouts_hide_on_mobile sc_layouts_hide_on_tablet sc_fly_static elementor-widget elementor-widget-spacer\" data-id=\"48b85e4\" data-element_type=\"widget\" data-widget_type=\"spacer.default\">\n\t\t\t\t<div class=\"elementor-widget-container\">\n\t\t\t\t\t\t\t<div class=\"elementor-spacer\">\n\t\t\t<div class=\"elementor-spacer-inner\"><\/div>\n\t\t<\/div>\n\t\t\t\t\t\t<\/div>\n\t\t\t\t<\/div>\n\t\t\t\t\t<\/div>\n\t\t<\/div>\n\t\t\t\t\t<\/div>\n\t\t<\/section>\n\t\t\t\t<\/div>","protected":false},"excerpt":{"rendered":"<p>VIP Dizayn Elit VIP Dizayn: Ara\u00e7 Konforunda Yeni Bir D\u00f6nem Elit VIP Dizayn, l\u00fcks ara\u00e7 i\u00e7i tasar\u0131mlar\u0131nda kaliteyi ve esteti\u011fi en \u00fcst seviyede sunarak m\u00fc\u015fterilerine benzersiz bir deneyim ya\u015fat\u0131yor. Ki\u015fiye&hellip;<\/p>","protected":false},"author":1,"featured_media":0,"parent":0,"menu_order":0,"comment_status":"closed","ping_status":"closed","template":"","meta":{"_themeisle_gutenberg_block_has_review":false,"footnotes":""},"class_list":["post-705","page","type-page","status-publish","hentry"],"_links":{"self":[{"href":"https:\/\/elitvipdizayn.com\/en\/wp-json\/wp\/v2\/pages\/705","targetHints":{"allow":["GET"]}}],"collection":[{"href":"https:\/\/elitvipdizayn.com\/en\/wp-json\/wp\/v2\/pages"}],"about":[{"href":"https:\/\/elitvipdizayn.com\/en\/wp-json\/wp\/v2\/types\/page"}],"author":[{"embeddable":true,"href":"https:\/\/elitvipdizayn.com\/en\/wp-json\/wp\/v2\/users\/1"}],"replies":[{"embeddable":true,"href":"https:\/\/elitvipdizayn.com\/en\/wp-json\/wp\/v2\/comments?post=705"}],"version-history":[{"count":4,"href":"https:\/\/elitvipdizayn.com\/en\/wp-json\/wp\/v2\/pages\/705\/revisions"}],"predecessor-version":[{"id":40886,"href":"https:\/\/elitvipdizayn.com\/en\/wp-json\/wp\/v2\/pages\/705\/revisions\/40886"}],"wp:attachment":[{"href":"https:\/\/elitvipdizayn.com\/en\/wp-json\/wp\/v2\/media?parent=705"}],"curies":[{"name":"wp","href":"https:\/\/api.w.org\/{rel}","templated":true}]}}