{"id":250,"date":"2024-03-15T17:19:14","date_gmt":"2024-03-15T17:19:14","guid":{"rendered":"https:\/\/elitvipdizayn.com\/?page_id=250"},"modified":"2024-11-20T15:57:47","modified_gmt":"2024-11-20T15:57:47","slug":"gizlilik-politikasi","status":"publish","type":"page","link":"https:\/\/elitvipdizayn.com\/en\/gizlilik-politikasi\/","title":{"rendered":"Elit VIP Dizayn Personal Data Protection and Privacy Policy"},"content":{"rendered":"<div data-elementor-type=\"wp-page\" data-elementor-id=\"250\" class=\"elementor elementor-250\">\n\t\t\t\t\t\t<section class=\"elementor-section elementor-top-section elementor-element elementor-element-798ded4d elementor-section-boxed elementor-section-height-default elementor-section-height-default sc_fly_static\" data-id=\"798ded4d\" data-element_type=\"section\" data-settings=\"{&quot;background_background&quot;:&quot;classic&quot;}\">\n\t\t\t\t\t\t<div class=\"elementor-container elementor-column-gap-extended\">\n\t\t\t\t\t<div class=\"elementor-column elementor-col-100 elementor-top-column elementor-element elementor-element-3b047bd5 sc_content_align_inherit sc_layouts_column_icons_position_left sc_fly_static\" data-id=\"3b047bd5\" data-element_type=\"column\">\n\t\t\t<div class=\"elementor-widget-wrap elementor-element-populated\">\n\t\t\t\t\t\t<div class=\"elementor-element elementor-element-41b01472 sc_fly_static elementor-widget elementor-widget-text-editor\" data-id=\"41b01472\" data-element_type=\"widget\" data-widget_type=\"text-editor.default\">\n\t\t\t\t<div class=\"elementor-widget-container\">\n\t\t\t\t\t\t\t\t\t<h5>1. <span style=\"font-weight: 400;\">Identity of the Data Controller<\/span><\/h5><p><span style=\"font-weight: 400;\">As Elit VIP Dizayn, we are responsible for protecting the personal data we obtain from our customers and potential customers. In accordance with the Personal Data Protection Law (KVKK), we fulfill the following information disclosure obligation.<\/span><\/p>\t\t\t\t\t\t\t\t<\/div>\n\t\t\t\t<\/div>\n\t\t\t\t\t<\/div>\n\t\t<\/div>\n\t\t\t\t\t<\/div>\n\t\t<\/section>\n\t\t\t\t<section class=\"elementor-section elementor-top-section elementor-element elementor-element-933a2c elementor-section-boxed elementor-section-height-default elementor-section-height-default sc_fly_static\" data-id=\"933a2c\" data-element_type=\"section\">\n\t\t\t\t\t\t<div class=\"elementor-container elementor-column-gap-extended\">\n\t\t\t\t\t<div class=\"elementor-column elementor-col-100 elementor-top-column elementor-element elementor-element-119b0dff sc_content_align_inherit sc_layouts_column_icons_position_left sc_fly_static\" data-id=\"119b0dff\" data-element_type=\"column\">\n\t\t\t<div class=\"elementor-widget-wrap elementor-element-populated\">\n\t\t\t\t\t\t<div class=\"elementor-element elementor-element-6cb31b28 sc_fly_static elementor-widget elementor-widget-spacer\" data-id=\"6cb31b28\" data-element_type=\"widget\" data-widget_type=\"spacer.default\">\n\t\t\t\t<div class=\"elementor-widget-container\">\n\t\t\t\t\t\t\t<div class=\"elementor-spacer\">\n\t\t\t<div class=\"elementor-spacer-inner\"><\/div>\n\t\t<\/div>\n\t\t\t\t\t\t<\/div>\n\t\t\t\t<\/div>\n\t\t\t\t\t<\/div>\n\t\t<\/div>\n\t\t\t\t\t<\/div>\n\t\t<\/section>\n\t\t\t\t<section class=\"elementor-section elementor-top-section elementor-element elementor-element-7aa38a98 elementor-section-boxed elementor-section-height-default elementor-section-height-default sc_fly_static\" data-id=\"7aa38a98\" data-element_type=\"section\" data-settings=\"{&quot;background_background&quot;:&quot;classic&quot;}\">\n\t\t\t\t\t\t<div class=\"elementor-container elementor-column-gap-extended\">\n\t\t\t\t\t<div class=\"elementor-column elementor-col-100 elementor-top-column elementor-element elementor-element-37951a91 sc_content_align_inherit sc_layouts_column_icons_position_left sc_fly_static\" data-id=\"37951a91\" data-element_type=\"column\">\n\t\t\t<div class=\"elementor-widget-wrap elementor-element-populated\">\n\t\t\t\t\t\t<div class=\"elementor-element elementor-element-f1fa26d sc_fly_static elementor-widget elementor-widget-text-editor\" data-id=\"f1fa26d\" data-element_type=\"widget\" data-widget_type=\"text-editor.default\">\n\t\t\t\t<div class=\"elementor-widget-container\">\n\t\t\t\t\t\t\t\t\t<h5>2. <span style=\"font-weight: 400;\">Purpose of Processing Personal Data<\/span><\/h5><p><span style=\"font-weight: 400;\">Your personal data is collected in accordance with the data processing conditions specified in Articles 5 and 6 of the KVKK, through physical and electronic means. Your data is processed in compliance with the legal obligations and for the purpose of improving our services.<\/span><\/p><p><span style=\"font-weight: 400;\">The data you provide to this site (collectively referred to as \"Your Data\"):<\/span><\/p><p><span style=\"font-weight: 400;\">- Your site entry and usage data (IP address, geographic location, browser type, visit duration, and content viewing data),<\/span><\/p><p><span style=\"font-weight: 400;\">- Transactions made through the site,<\/span><\/p><p><span style=\"font-weight: 400;\">are processed by Elit VIP Dizayn to enhance the efficiency of your site experience and to assess your eligibility for receiving offers. If a contract is established, this data will also be used for:<\/span><\/p><p><span style=\"font-weight: 400;\">- Managing the offer preparation process and providing approval notifications.<\/span><\/p>\t\t\t\t\t\t\t\t<\/div>\n\t\t\t\t<\/div>\n\t\t\t\t\t<\/div>\n\t\t<\/div>\n\t\t\t\t\t<\/div>\n\t\t<\/section>\n\t\t\t\t<section class=\"elementor-section elementor-top-section elementor-element elementor-element-1cab8374 elementor-section-boxed elementor-section-height-default elementor-section-height-default sc_fly_static\" data-id=\"1cab8374\" data-element_type=\"section\">\n\t\t\t\t\t\t<div class=\"elementor-container elementor-column-gap-extended\">\n\t\t\t\t\t<div class=\"elementor-column elementor-col-100 elementor-top-column elementor-element elementor-element-4124e332 sc_content_align_inherit sc_layouts_column_icons_position_left sc_fly_static\" data-id=\"4124e332\" data-element_type=\"column\">\n\t\t\t<div class=\"elementor-widget-wrap elementor-element-populated\">\n\t\t\t\t\t\t<div class=\"elementor-element elementor-element-6ad3832e sc_fly_static elementor-widget elementor-widget-spacer\" data-id=\"6ad3832e\" data-element_type=\"widget\" data-widget_type=\"spacer.default\">\n\t\t\t\t<div class=\"elementor-widget-container\">\n\t\t\t\t\t\t\t<div class=\"elementor-spacer\">\n\t\t\t<div class=\"elementor-spacer-inner\"><\/div>\n\t\t<\/div>\n\t\t\t\t\t\t<\/div>\n\t\t\t\t<\/div>\n\t\t\t\t\t<\/div>\n\t\t<\/div>\n\t\t\t\t\t<\/div>\n\t\t<\/section>\n\t\t\t\t<section class=\"elementor-section elementor-top-section elementor-element elementor-element-6bd555d4 elementor-section-boxed elementor-section-height-default elementor-section-height-default sc_fly_static\" data-id=\"6bd555d4\" data-element_type=\"section\" data-settings=\"{&quot;background_background&quot;:&quot;classic&quot;}\">\n\t\t\t\t\t\t<div class=\"elementor-container elementor-column-gap-extended\">\n\t\t\t\t\t<div class=\"elementor-column elementor-col-100 elementor-top-column elementor-element elementor-element-17b001b8 sc_content_align_inherit sc_layouts_column_icons_position_left sc_fly_static\" data-id=\"17b001b8\" data-element_type=\"column\">\n\t\t\t<div class=\"elementor-widget-wrap elementor-element-populated\">\n\t\t\t\t\t\t<div class=\"elementor-element elementor-element-44f8a0cd sc_fly_static elementor-widget elementor-widget-text-editor\" data-id=\"44f8a0cd\" data-element_type=\"widget\" data-widget_type=\"text-editor.default\">\n\t\t\t\t<div class=\"elementor-widget-container\">\n\t\t\t\t\t\t\t\t\t<h5>Use of Cookies<\/h5><p><span style=\"font-weight: 400;\">Cookies are used on our website. Cookies are small files sent to and stored in your browser. They are used to enhance the site\u2019s functionality and usability. Our advertising providers may also send cookies.<\/span><\/p><p><span style=\"font-weight: 400;\">You can block cookie acceptance through your browser settings. However, we would like to note that refusing cookies may reduce the functionality of the site.<\/span><\/p>\t\t\t\t\t\t\t\t<\/div>\n\t\t\t\t<\/div>\n\t\t\t\t\t<\/div>\n\t\t<\/div>\n\t\t\t\t\t<\/div>\n\t\t<\/section>\n\t\t\t\t<section class=\"elementor-section elementor-top-section elementor-element elementor-element-3f965b59 elementor-section-boxed elementor-section-height-default elementor-section-height-default sc_fly_static\" data-id=\"3f965b59\" data-element_type=\"section\">\n\t\t\t\t\t\t<div class=\"elementor-container elementor-column-gap-extended\">\n\t\t\t\t\t<div class=\"elementor-column elementor-col-100 elementor-top-column elementor-element elementor-element-48a3ab33 sc_content_align_inherit sc_layouts_column_icons_position_left sc_fly_static\" data-id=\"48a3ab33\" data-element_type=\"column\">\n\t\t\t<div class=\"elementor-widget-wrap elementor-element-populated\">\n\t\t\t\t\t\t<div class=\"elementor-element elementor-element-fa11a59 sc_fly_static elementor-widget elementor-widget-spacer\" data-id=\"fa11a59\" data-element_type=\"widget\" data-widget_type=\"spacer.default\">\n\t\t\t\t<div class=\"elementor-widget-container\">\n\t\t\t\t\t\t\t<div class=\"elementor-spacer\">\n\t\t\t<div class=\"elementor-spacer-inner\"><\/div>\n\t\t<\/div>\n\t\t\t\t\t\t<\/div>\n\t\t\t\t<\/div>\n\t\t\t\t\t<\/div>\n\t\t<\/div>\n\t\t\t\t\t<\/div>\n\t\t<\/section>\n\t\t\t\t<section class=\"elementor-section elementor-top-section elementor-element elementor-element-578676bb elementor-section-boxed elementor-section-height-default elementor-section-height-default sc_fly_static\" data-id=\"578676bb\" data-element_type=\"section\" data-settings=\"{&quot;background_background&quot;:&quot;classic&quot;}\">\n\t\t\t\t\t\t<div class=\"elementor-container elementor-column-gap-extended\">\n\t\t\t\t\t<div class=\"elementor-column elementor-col-100 elementor-top-column elementor-element elementor-element-571d9a3f sc_content_align_inherit sc_layouts_column_icons_position_left sc_fly_static\" data-id=\"571d9a3f\" data-element_type=\"column\">\n\t\t\t<div class=\"elementor-widget-wrap elementor-element-populated\">\n\t\t\t\t\t\t<div class=\"elementor-element elementor-element-1d140b47 sc_fly_static elementor-widget elementor-widget-text-editor\" data-id=\"1d140b47\" data-element_type=\"widget\" data-widget_type=\"text-editor.default\">\n\t\t\t\t<div class=\"elementor-widget-container\">\n\t\t\t\t\t\t\t\t\t<h5>4. <span style=\"font-weight: 400;\">Transfer of Personal Data<\/span><\/h5><p><span style=\"font-weight: 400;\">Your data may be shared with authorized parties, such as dealers, suppliers, and public institutions, in accordance with Articles 5 and 6 of the KVKK, for the purposes specified above. Your data can also be transferred domestically or internationally with the necessary security measures in place.<\/span><\/p>\t\t\t\t\t\t\t\t<\/div>\n\t\t\t\t<\/div>\n\t\t\t\t\t<\/div>\n\t\t<\/div>\n\t\t\t\t\t<\/div>\n\t\t<\/section>\n\t\t\t\t<section class=\"elementor-section elementor-top-section elementor-element elementor-element-716f7138 elementor-section-boxed elementor-section-height-default elementor-section-height-default sc_fly_static\" data-id=\"716f7138\" data-element_type=\"section\">\n\t\t\t\t\t\t<div class=\"elementor-container elementor-column-gap-extended\">\n\t\t\t\t\t<div class=\"elementor-column elementor-col-100 elementor-top-column elementor-element elementor-element-23c8d7e9 sc_content_align_inherit sc_layouts_column_icons_position_left sc_fly_static\" data-id=\"23c8d7e9\" data-element_type=\"column\">\n\t\t\t<div class=\"elementor-widget-wrap elementor-element-populated\">\n\t\t\t\t\t\t<div class=\"elementor-element elementor-element-638b6bb4 sc_fly_static elementor-widget elementor-widget-spacer\" data-id=\"638b6bb4\" data-element_type=\"widget\" data-widget_type=\"spacer.default\">\n\t\t\t\t<div class=\"elementor-widget-container\">\n\t\t\t\t\t\t\t<div class=\"elementor-spacer\">\n\t\t\t<div class=\"elementor-spacer-inner\"><\/div>\n\t\t<\/div>\n\t\t\t\t\t\t<\/div>\n\t\t\t\t<\/div>\n\t\t\t\t\t<\/div>\n\t\t<\/div>\n\t\t\t\t\t<\/div>\n\t\t<\/section>\n\t\t\t\t<section class=\"elementor-section elementor-top-section elementor-element elementor-element-58cfa10e elementor-section-boxed elementor-section-height-default elementor-section-height-default sc_fly_static\" data-id=\"58cfa10e\" data-element_type=\"section\" data-settings=\"{&quot;background_background&quot;:&quot;classic&quot;}\">\n\t\t\t\t\t\t<div class=\"elementor-container elementor-column-gap-extended\">\n\t\t\t\t\t<div class=\"elementor-column elementor-col-100 elementor-top-column elementor-element elementor-element-16ff4caa sc_content_align_inherit sc_layouts_column_icons_position_left sc_fly_static\" data-id=\"16ff4caa\" data-element_type=\"column\">\n\t\t\t<div class=\"elementor-widget-wrap elementor-element-populated\">\n\t\t\t\t\t\t<div class=\"elementor-element elementor-element-35dee83a sc_fly_static elementor-widget elementor-widget-text-editor\" data-id=\"35dee83a\" data-element_type=\"widget\" data-widget_type=\"text-editor.default\">\n\t\t\t\t<div class=\"elementor-widget-container\">\n\t\t\t\t\t\t\t\t\t<h5>5. <span style=\"font-weight: 400;\">Personal Data Security<\/span><\/h5><p><span style=\"font-weight: 400;\">Elit VIP Dizayn is responsible for ensuring the confidentiality of your personal data. We regularly update our policies and take necessary technical and organizational measures to ensure data protection. However, due to the nature of internet data flow, the security of data transmitted online cannot be guaranteed. It is your responsibility to keep your passwords confidential.<\/span><\/p>\t\t\t\t\t\t\t\t<\/div>\n\t\t\t\t<\/div>\n\t\t\t\t\t<\/div>\n\t\t<\/div>\n\t\t\t\t\t<\/div>\n\t\t<\/section>\n\t\t\t\t<section class=\"elementor-section elementor-top-section elementor-element elementor-element-5803bc88 elementor-section-boxed elementor-section-height-default elementor-section-height-default sc_fly_static\" data-id=\"5803bc88\" data-element_type=\"section\">\n\t\t\t\t\t\t<div class=\"elementor-container elementor-column-gap-extended\">\n\t\t\t\t\t<div class=\"elementor-column elementor-col-100 elementor-top-column elementor-element elementor-element-23c77356 sc_content_align_inherit sc_layouts_column_icons_position_left sc_fly_static\" data-id=\"23c77356\" data-element_type=\"column\">\n\t\t\t<div class=\"elementor-widget-wrap elementor-element-populated\">\n\t\t\t\t\t\t<div class=\"elementor-element elementor-element-733d0db8 sc_fly_static elementor-widget elementor-widget-spacer\" data-id=\"733d0db8\" data-element_type=\"widget\" data-widget_type=\"spacer.default\">\n\t\t\t\t<div class=\"elementor-widget-container\">\n\t\t\t\t\t\t\t<div class=\"elementor-spacer\">\n\t\t\t<div class=\"elementor-spacer-inner\"><\/div>\n\t\t<\/div>\n\t\t\t\t\t\t<\/div>\n\t\t\t\t<\/div>\n\t\t\t\t\t<\/div>\n\t\t<\/div>\n\t\t\t\t\t<\/div>\n\t\t<\/section>\n\t\t\t\t<section class=\"elementor-section elementor-top-section elementor-element elementor-element-7d480d55 elementor-section-boxed elementor-section-height-default elementor-section-height-default sc_fly_static\" data-id=\"7d480d55\" data-element_type=\"section\" data-settings=\"{&quot;background_background&quot;:&quot;classic&quot;}\">\n\t\t\t\t\t\t<div class=\"elementor-container elementor-column-gap-extended\">\n\t\t\t\t\t<div class=\"elementor-column elementor-col-100 elementor-top-column elementor-element elementor-element-6dd852ea sc_content_align_inherit sc_layouts_column_icons_position_left sc_fly_static\" data-id=\"6dd852ea\" data-element_type=\"column\">\n\t\t\t<div class=\"elementor-widget-wrap elementor-element-populated\">\n\t\t\t\t\t\t<div class=\"elementor-element elementor-element-7323b0de sc_fly_static elementor-widget elementor-widget-text-editor\" data-id=\"7323b0de\" data-element_type=\"widget\" data-widget_type=\"text-editor.default\">\n\t\t\t\t<div class=\"elementor-widget-container\">\n\t\t\t\t\t\t\t\t\t<h5>6. <span style=\"font-weight: 400;\">Methods of Data Collection and Legal Basis<\/span><\/h5><p><span style=\"font-weight: 400;\">Your data may be collected through automatic or manual methods, in accordance with contractual obligations or legal provisions. Your data is processed in line with Articles 5\/2-c and e of the KVKK, for the fulfillment of contractual obligations and legitimate interests.<\/span><\/p>\t\t\t\t\t\t\t\t<\/div>\n\t\t\t\t<\/div>\n\t\t\t\t\t<\/div>\n\t\t<\/div>\n\t\t\t\t\t<\/div>\n\t\t<\/section>\n\t\t\t\t<section class=\"elementor-section elementor-top-section elementor-element elementor-element-6df4a4d2 elementor-section-boxed elementor-section-height-default elementor-section-height-default sc_fly_static\" data-id=\"6df4a4d2\" data-element_type=\"section\">\n\t\t\t\t\t\t<div class=\"elementor-container elementor-column-gap-extended\">\n\t\t\t\t\t<div class=\"elementor-column elementor-col-100 elementor-top-column elementor-element elementor-element-62078c6f sc_content_align_inherit sc_layouts_column_icons_position_left sc_fly_static\" data-id=\"62078c6f\" data-element_type=\"column\">\n\t\t\t<div class=\"elementor-widget-wrap elementor-element-populated\">\n\t\t\t\t\t\t<div class=\"elementor-element elementor-element-4d676c88 sc_fly_static elementor-widget elementor-widget-spacer\" data-id=\"4d676c88\" data-element_type=\"widget\" data-widget_type=\"spacer.default\">\n\t\t\t\t<div class=\"elementor-widget-container\">\n\t\t\t\t\t\t\t<div class=\"elementor-spacer\">\n\t\t\t<div class=\"elementor-spacer-inner\"><\/div>\n\t\t<\/div>\n\t\t\t\t\t\t<\/div>\n\t\t\t\t<\/div>\n\t\t\t\t\t<\/div>\n\t\t<\/div>\n\t\t\t\t\t<\/div>\n\t\t<\/section>\n\t\t\t\t<section class=\"elementor-section elementor-top-section elementor-element elementor-element-215afff6 elementor-section-boxed elementor-section-height-default elementor-section-height-default sc_fly_static\" data-id=\"215afff6\" data-element_type=\"section\" data-settings=\"{&quot;background_background&quot;:&quot;classic&quot;}\">\n\t\t\t\t\t\t<div class=\"elementor-container elementor-column-gap-extended\">\n\t\t\t\t\t<div class=\"elementor-column elementor-col-100 elementor-top-column elementor-element elementor-element-ed04a90 sc_content_align_inherit sc_layouts_column_icons_position_left sc_fly_static\" data-id=\"ed04a90\" data-element_type=\"column\">\n\t\t\t<div class=\"elementor-widget-wrap elementor-element-populated\">\n\t\t\t\t\t\t<div class=\"elementor-element elementor-element-60dd968c sc_fly_static elementor-widget elementor-widget-text-editor\" data-id=\"60dd968c\" data-element_type=\"widget\" data-widget_type=\"text-editor.default\">\n\t\t\t\t<div class=\"elementor-widget-container\">\n\t\t\t\t\t\t\t\t\t<h5>7. <span style=\"font-weight: 400;\">Rights of the Data Subject<\/span><\/h5>\n<p><span style=\"font-weight: 400;\">According to Article 11 of the KVKK, you can apply to Elit VIP Dizayn to exercise the following rights regarding your personal data:<\/span><\/p>\n<p><span style=\"font-weight: 400;\">- Learn whether your personal data is being processed,<\/span><\/p>\n<p><span style=\"font-weight: 400;\">- Request information if your personal data has been processed,<\/span><\/p>\n<p><span style=\"font-weight: 400;\">- Learn the purpose of processing your data and whether it is being used appropriately,<\/span><\/p>\n<p><span style=\"font-weight: 400;\">- Know the third parties to whom your data is transferred domestically or internationally,<\/span><\/p>\n<p><span style=\"font-weight: 400;\">- Request the correction of incomplete or incorrect data,<\/span><\/p>\n<p><span style=\"font-weight: 400;\">- Request the deletion, destruction, or anonymization of data if the reasons for processing no longer exist,<\/span><\/p>\n<p><span style=\"font-weight: 400;\">- Object to the processing of your data through automated systems that result in unfavorable consequences for you,<\/span><\/p>\n<p><span style=\"font-weight: 400;\">- Demand compensation if your data is unlawfully processed and you suffer damage as a result.<\/span><\/p>\n<p><span style=\"font-weight: 400;\">For any inquiries, you can contact us via&nbsp;<\/span><b>elitvipdizayn.com<\/b><\/p>\t\t\t\t\t\t\t\t<\/div>\n\t\t\t\t<\/div>\n\t\t\t\t\t<\/div>\n\t\t<\/div>\n\t\t\t\t\t<\/div>\n\t\t<\/section>\n\t\t\t\t<section class=\"elementor-section elementor-top-section elementor-element elementor-element-3eb9c3e6 elementor-section-boxed elementor-section-height-default elementor-section-height-default sc_fly_static\" data-id=\"3eb9c3e6\" data-element_type=\"section\">\n\t\t\t\t\t\t<div class=\"elementor-container elementor-column-gap-extended\">\n\t\t\t\t\t<div class=\"elementor-column elementor-col-100 elementor-top-column elementor-element elementor-element-d3cf9a6 sc_content_align_inherit sc_layouts_column_icons_position_left sc_fly_static\" data-id=\"d3cf9a6\" data-element_type=\"column\">\n\t\t\t<div class=\"elementor-widget-wrap elementor-element-populated\">\n\t\t\t\t\t\t<div class=\"elementor-element elementor-element-37e7d754 sc_fly_static elementor-widget elementor-widget-spacer\" data-id=\"37e7d754\" data-element_type=\"widget\" data-widget_type=\"spacer.default\">\n\t\t\t\t<div class=\"elementor-widget-container\">\n\t\t\t\t\t\t\t<div class=\"elementor-spacer\">\n\t\t\t<div class=\"elementor-spacer-inner\"><\/div>\n\t\t<\/div>\n\t\t\t\t\t\t<\/div>\n\t\t\t\t<\/div>\n\t\t\t\t\t<\/div>\n\t\t<\/div>\n\t\t\t\t\t<\/div>\n\t\t<\/section>\n\t\t\t\t<\/div>","protected":false},"excerpt":{"rendered":"<p>1. Veri Sorumlusunun Kimli\u011fi Elit VIP Dizayn olarak, m\u00fc\u015fterilerimizden ve potansiyel m\u00fc\u015fterilerimizden elde etti\u011fimiz ki\u015fisel verilerin korunmas\u0131 hususunda sorumluluk ta\u015f\u0131maktay\u0131z. Ki\u015fisel Verilerin Korunmas\u0131 Kanunu (KVKK) kapsam\u0131nda, a\u015fa\u011f\u0131daki bilgilendirme y\u00fck\u00fcml\u00fcl\u00fc\u011f\u00fcm\u00fcz\u00fc yerine&hellip;<\/p>","protected":false},"author":1,"featured_media":0,"parent":0,"menu_order":0,"comment_status":"closed","ping_status":"closed","template":"","meta":{"_themeisle_gutenberg_block_has_review":false,"footnotes":""},"class_list":["post-250","page","type-page","status-publish","hentry"],"_links":{"self":[{"href":"https:\/\/elitvipdizayn.com\/en\/wp-json\/wp\/v2\/pages\/250","targetHints":{"allow":["GET"]}}],"collection":[{"href":"https:\/\/elitvipdizayn.com\/en\/wp-json\/wp\/v2\/pages"}],"about":[{"href":"https:\/\/elitvipdizayn.com\/en\/wp-json\/wp\/v2\/types\/page"}],"author":[{"embeddable":true,"href":"https:\/\/elitvipdizayn.com\/en\/wp-json\/wp\/v2\/users\/1"}],"replies":[{"embeddable":true,"href":"https:\/\/elitvipdizayn.com\/en\/wp-json\/wp\/v2\/comments?post=250"}],"version-history":[{"count":24,"href":"https:\/\/elitvipdizayn.com\/en\/wp-json\/wp\/v2\/pages\/250\/revisions"}],"predecessor-version":[{"id":40982,"href":"https:\/\/elitvipdizayn.com\/en\/wp-json\/wp\/v2\/pages\/250\/revisions\/40982"}],"wp:attachment":[{"href":"https:\/\/elitvipdizayn.com\/en\/wp-json\/wp\/v2\/media?parent=250"}],"curies":[{"name":"wp","href":"https:\/\/api.w.org\/{rel}","templated":true}]}}