{"id":1453,"date":"2020-04-30T11:12:41","date_gmt":"2020-04-30T11:12:41","guid":{"rendered":"https:\/\/elitvipdizayn.com\/?page_id=1453"},"modified":"2024-11-22T18:10:19","modified_gmt":"2024-11-22T18:10:19","slug":"iletisim","status":"publish","type":"page","link":"https:\/\/elitvipdizayn.com\/en\/iletisim\/","title":{"rendered":"Contact"},"content":{"rendered":"<div data-elementor-type=\"wp-page\" data-elementor-id=\"1453\" class=\"elementor elementor-1453\">\n\t\t\t\t\t\t<section class=\"elementor-section elementor-top-section elementor-element elementor-element-59d5586 elementor-section-boxed elementor-section-height-default elementor-section-height-default sc_fly_static\" data-id=\"59d5586\" data-element_type=\"section\">\n\t\t\t\t\t\t<div class=\"elementor-container elementor-column-gap-extended\">\n\t\t\t\t\t<div class=\"elementor-column elementor-col-100 elementor-top-column elementor-element elementor-element-6f2e8f1 sc_content_align_inherit sc_layouts_column_icons_position_left sc_fly_static\" data-id=\"6f2e8f1\" data-element_type=\"column\">\n\t\t\t<div class=\"elementor-widget-wrap elementor-element-populated\">\n\t\t\t\t\t\t<div class=\"elementor-element elementor-element-ac92928 sc_fly_static elementor-widget elementor-widget-trx_widget_contacts\" data-id=\"ac92928\" data-element_type=\"widget\" data-widget_type=\"trx_widget_contacts.default\">\n\t\t\t\t<div class=\"elementor-widget-container\">\n\t\t\t\t\t<div class=\"widget_area sc_widget_contacts\"><aside class=\"widget widget_contacts\"><div class=\"contacts_wrap\"><div class=\"contacts_description\"><h6>\u00a0<\/h6><h2><strong>Get in Touch!<\/strong><\/h2><\/div><div class=\"contacts_info\"><span class=\"contacts_address\">75.Y\u0131l Neighborhood, Teksan Industrial Site A4  \nNo: 10 Odunpazari - ESKISEHIR<\/span><span class=\"contacts_email\"><a href=\"mailto:&#105;nf&#111;&#64;&#101;&#108;&#105;&#116;v&#105;&#112;diz&#97;&#121;&#110;&#46;&#99;&#111;m\">i&#110;&#102;&#111;&#64;e&#108;itv&#105;&#112;di&#122;a&#121;n&#46;&#99;&#111;&#109;<\/a><\/span><a href=\"tel:+905436126166\" class=\"contacts_phone\">+905436126166<\/a><\/div><\/div><\/aside><\/div>\t\t\t\t<\/div>\n\t\t\t\t<\/div>\n\t\t\t\t<div class=\"elementor-element elementor-element-5e14ebd sc_fly_static elementor-widget elementor-widget-spacer\" data-id=\"5e14ebd\" data-element_type=\"widget\" data-widget_type=\"spacer.default\">\n\t\t\t\t<div class=\"elementor-widget-container\">\n\t\t\t\t\t\t\t<div class=\"elementor-spacer\">\n\t\t\t<div class=\"elementor-spacer-inner\"><\/div>\n\t\t<\/div>\n\t\t\t\t\t\t<\/div>\n\t\t\t\t<\/div>\n\t\t\t\t<div class=\"elementor-element elementor-element-bf89412 sc_fly_static elementor-widget elementor-widget-trx_widget_custom_links\" data-id=\"bf89412\" data-element_type=\"widget\" data-widget_type=\"trx_widget_custom_links.default\">\n\t\t\t\t<div class=\"elementor-widget-container\">\n\t\t\t\t\t<div class=\"widget_area sc_widget_custom_links\"><aside class=\"widget widget_custom_links\"><ul class=\"custom_links_list\"><li class=\"custom_links_list_item with_icon\"><a class=\"custom_links_list_item_link\" href=\"https:\/\/elitvipdizayn.com\/en\/randevu-formu\/\"><span\t\t\t\t\t\t\tclass=\"custom_links_list_item_icon sc_icon_type_icons icon-right\"\n\t\t\t\t\t\t><\/span><span class=\"custom_links_list_item_title\">Appointment Form<\/span><\/a><span class=\"custom_links_list_item_description\">Get In Touch!<\/span><\/li><li class=\"custom_links_list_item with_icon\"><a class=\"custom_links_list_item_link\" href=\"https:\/\/elitvipdizayn.com\/en\/projeler\/\"><span\t\t\t\t\t\t\tclass=\"custom_links_list_item_icon sc_icon_type_icons icon-right\"\n\t\t\t\t\t\t><\/span><span class=\"custom_links_list_item_title\">Projects<\/span><\/a><span class=\"custom_links_list_item_description\">Take a look at our projects!<\/span><\/li><\/ul><\/aside><\/div>\t\t\t\t<\/div>\n\t\t\t\t<\/div>\n\t\t\t\t<div class=\"elementor-element elementor-element-4e02005 sc_height_huge sc_fly_static elementor-widget elementor-widget-spacer\" data-id=\"4e02005\" data-element_type=\"widget\" data-widget_type=\"spacer.default\">\n\t\t\t\t<div class=\"elementor-widget-container\">\n\t\t\t\t\t\t\t<div class=\"elementor-spacer\">\n\t\t\t<div class=\"elementor-spacer-inner\"><\/div>\n\t\t<\/div>\n\t\t\t\t\t\t<\/div>\n\t\t\t\t<\/div>\n\t\t\t\t\t<\/div>\n\t\t<\/div>\n\t\t\t\t\t<\/div>\n\t\t<\/section>\n\t\t\t\t<section class=\"elementor-section elementor-top-section elementor-element elementor-element-729cb49 elementor-section-full_width elementor-section-height-default elementor-section-height-default sc_fly_static\" data-id=\"729cb49\" data-element_type=\"section\">\n\t\t\t\t\t\t<div class=\"elementor-container elementor-column-gap-no\">\n\t\t\t\t\t<div class=\"elementor-column elementor-col-100 elementor-top-column elementor-element elementor-element-66b0a51 sc_content_align_inherit sc_layouts_column_icons_position_left sc_fly_static\" data-id=\"66b0a51\" data-element_type=\"column\">\n\t\t\t<div class=\"elementor-widget-wrap elementor-element-populated\">\n\t\t\t\t\t\t<div class=\"elementor-element elementor-element-b6fbd8a sc_fly_static elementor-widget elementor-widget-trx_sc_googlemap\" data-id=\"b6fbd8a\" data-element_type=\"widget\" data-widget_type=\"trx_sc_googlemap.default\">\n\t\t\t\t<div class=\"elementor-widget-container\">\n\t\t\t\t\t<div id=\"sc_googlemap_1723242951_wrap\" class=\"sc_googlemap_wrap\"><div id=\"sc_googlemap_1723242951\"\t\t\tclass=\"sc_item_content sc_map sc_googlemap sc_googlemap_default trx_addons_inline_737721758\"\n\t\t\t \t\t\tdata-zoom=\"16\"\n\t\t\tdata-center=\"\"\n\t\t\tdata-style=\"extra\"\n\t\t\tdata-cluster-icon=\"\"\n\t\t\t><iframe\n\t\t\t\t\t\tsrc=\"https:\/\/maps.google.com\/maps?t=m&output=embed&iwloc=near&z=16&q=39.739594%2C+30.626273\"\n\t\t\t\t\t\taria-label=\"One\"><\/iframe><\/div><\/div>\t\t\t\t<\/div>\n\t\t\t\t<\/div>\n\t\t\t\t\t<\/div>\n\t\t<\/div>\n\t\t\t\t\t<\/div>\n\t\t<\/section>\n\t\t\t\t<\/div>","protected":false},"excerpt":{"rendered":"<p>\u00a0 \u0130leti\u015fime Ge\u00e7in! 75. Y\u0131l Mahallesi, Teksan Sanayi Sitesi A4 No: 10 Odunpazar\u0131 &#8211; ESK\u0130\u015eEH\u0130Rin&#102;o&#64;&#101;&#108;&#105;t&#118;i&#112;&#100;&#105;&#122;ayn.&#99;&#111;&#109;+905436126166 Randevu FormuBize Ula\u015f\u0131n! ProjelerProjelerimize G\u00f6z At\u0131n!<\/p>","protected":false},"author":1,"featured_media":0,"parent":0,"menu_order":0,"comment_status":"closed","ping_status":"closed","template":"","meta":{"_themeisle_gutenberg_block_has_review":false,"footnotes":""},"class_list":["post-1453","page","type-page","status-publish","hentry"],"_links":{"self":[{"href":"https:\/\/elitvipdizayn.com\/en\/wp-json\/wp\/v2\/pages\/1453","targetHints":{"allow":["GET"]}}],"collection":[{"href":"https:\/\/elitvipdizayn.com\/en\/wp-json\/wp\/v2\/pages"}],"about":[{"href":"https:\/\/elitvipdizayn.com\/en\/wp-json\/wp\/v2\/types\/page"}],"author":[{"embeddable":true,"href":"https:\/\/elitvipdizayn.com\/en\/wp-json\/wp\/v2\/users\/1"}],"replies":[{"embeddable":true,"href":"https:\/\/elitvipdizayn.com\/en\/wp-json\/wp\/v2\/comments?post=1453"}],"version-history":[{"count":40,"href":"https:\/\/elitvipdizayn.com\/en\/wp-json\/wp\/v2\/pages\/1453\/revisions"}],"predecessor-version":[{"id":41017,"href":"https:\/\/elitvipdizayn.com\/en\/wp-json\/wp\/v2\/pages\/1453\/revisions\/41017"}],"wp:attachment":[{"href":"https:\/\/elitvipdizayn.com\/en\/wp-json\/wp\/v2\/media?parent=1453"}],"curies":[{"name":"wp","href":"https:\/\/api.w.org\/{rel}","templated":true}]}}