{"id":1440,"date":"2020-04-30T10:32:31","date_gmt":"2020-04-30T10:32:31","guid":{"rendered":"https:\/\/elitvipdizayn.com\/?page_id=1440"},"modified":"2024-11-22T18:24:49","modified_gmt":"2024-11-22T18:24:49","slug":"randevu-formu","status":"publish","type":"page","link":"https:\/\/elitvipdizayn.com\/en\/randevu-formu\/","title":{"rendered":"Appointment Form"},"content":{"rendered":"<div data-elementor-type=\"wp-page\" data-elementor-id=\"1440\" class=\"elementor elementor-1440\">\n\t\t\t\t\t\t<section class=\"elementor-section elementor-top-section elementor-element elementor-element-f89f410 elementor-section-boxed elementor-section-height-default elementor-section-height-default sc_fly_static\" data-id=\"f89f410\" data-element_type=\"section\">\n\t\t\t\t\t\t<div class=\"elementor-container elementor-column-gap-extended\">\n\t\t\t\t\t<div class=\"elementor-column elementor-col-100 elementor-top-column elementor-element elementor-element-581ce29 sc_content_align_inherit sc_layouts_column_icons_position_left sc_fly_static\" data-id=\"581ce29\" data-element_type=\"column\">\n\t\t\t<div class=\"elementor-widget-wrap elementor-element-populated\">\n\t\t\t\t\t\t<div class=\"elementor-element elementor-element-e6afb07 sc_height_huge sc_fly_static elementor-widget elementor-widget-spacer\" data-id=\"e6afb07\" data-element_type=\"widget\" data-widget_type=\"spacer.default\">\n\t\t\t\t<div class=\"elementor-widget-container\">\n\t\t\t\t\t\t\t<div class=\"elementor-spacer\">\n\t\t\t<div class=\"elementor-spacer-inner\"><\/div>\n\t\t<\/div>\n\t\t\t\t\t\t<\/div>\n\t\t\t\t<\/div>\n\t\t\t\t<div class=\"elementor-element elementor-element-d410cba sc_layouts_hide_on_notebook sc_layouts_hide_on_tablet sc_layouts_hide_on_mobile sc_fly_static elementor-widget elementor-widget-spacer\" data-id=\"d410cba\" data-element_type=\"widget\" data-widget_type=\"spacer.default\">\n\t\t\t\t<div class=\"elementor-widget-container\">\n\t\t\t\t\t\t\t<div class=\"elementor-spacer\">\n\t\t\t<div class=\"elementor-spacer-inner\"><\/div>\n\t\t<\/div>\n\t\t\t\t\t\t<\/div>\n\t\t\t\t<\/div>\n\t\t\t\t\t<\/div>\n\t\t<\/div>\n\t\t\t\t\t<\/div>\n\t\t<\/section>\n\t\t\t\t<section class=\"elementor-section elementor-top-section elementor-element elementor-element-9fce220 elementor-section-boxed elementor-section-height-default elementor-section-height-default sc_fly_static\" data-id=\"9fce220\" data-element_type=\"section\" data-settings=\"{&quot;background_background&quot;:&quot;classic&quot;}\">\n\t\t\t\t\t\t<div class=\"elementor-container elementor-column-gap-extended\">\n\t\t\t\t\t<div class=\"elementor-column elementor-col-50 elementor-top-column elementor-element elementor-element-376599d sc_content_align_inherit sc_layouts_column_icons_position_left sc_fly_static\" data-id=\"376599d\" data-element_type=\"column\">\n\t\t\t<div class=\"elementor-widget-wrap elementor-element-populated\">\n\t\t\t\t\t\t<div class=\"elementor-element elementor-element-962a943 sc_fly_static elementor-widget elementor-widget-trx_sc_title\" data-id=\"962a943\" data-element_type=\"widget\" data-widget_type=\"trx_sc_title.default\">\n\t\t\t\t<div class=\"elementor-widget-container\">\n\t\t\t\t\t<div\t\tclass=\"sc_title sc_title_default\" ><h2 class=\"sc_item_title sc_title_title sc_item_title_style_default sc_item_title_tag\"\n\t\t\t><span class=\"sc_item_title_text\">Get in touch!<\/span><\/h2><\/div>\t\t\t\t<\/div>\n\t\t\t\t<\/div>\n\t\t\t\t<div class=\"elementor-element elementor-element-ea117e9 sc_layouts_hide_on_mobile sc_fly_static elementor-widget elementor-widget-spacer\" data-id=\"ea117e9\" data-element_type=\"widget\" data-widget_type=\"spacer.default\">\n\t\t\t\t<div class=\"elementor-widget-container\">\n\t\t\t\t\t\t\t<div class=\"elementor-spacer\">\n\t\t\t<div class=\"elementor-spacer-inner\"><\/div>\n\t\t<\/div>\n\t\t\t\t\t\t<\/div>\n\t\t\t\t<\/div>\n\t\t\t\t<section class=\"elementor-section elementor-inner-section elementor-element elementor-element-1bda9b2 elementor-section-full_width elementor-section-height-default elementor-section-height-default sc_fly_static\" data-id=\"1bda9b2\" data-element_type=\"section\">\n\t\t\t\t\t\t<div class=\"elementor-container elementor-column-gap-no\">\n\t\t\t\t\t<div class=\"elementor-column elementor-col-100 elementor-inner-column elementor-element elementor-element-4fc6ea9 sc_content_align_inherit sc_layouts_column_icons_position_left sc_fly_static\" data-id=\"4fc6ea9\" data-element_type=\"column\">\n\t\t\t<div class=\"elementor-widget-wrap elementor-element-populated\">\n\t\t\t\t\t\t<div class=\"elementor-element elementor-element-50fd912 sc_fly_static elementor-widget elementor-widget-google_maps\" data-id=\"50fd912\" data-element_type=\"widget\" data-widget_type=\"google_maps.default\">\n\t\t\t\t<div class=\"elementor-widget-container\">\n\t\t\t\t\t\t\t<div class=\"elementor-custom-embed\">\n\t\t\t<iframe loading=\"lazy\"\n\t\t\t\t\tsrc=\"https:\/\/maps.google.com\/maps?q=39%C2%B044%2722.5%22N%2030%C2%B037%2734.6%22E&#038;t=m&#038;z=12&#038;output=embed&#038;iwloc=near\"\n\t\t\t\t\ttitle=\"39\u00b044&#039;22.5&quot;N 30\u00b037&#039;34.6&quot;E\"\n\t\t\t\t\taria-label=\"39\u00b044&#039;22.5&quot;N 30\u00b037&#039;34.6&quot;E\"\n\t\t\t><\/iframe>\n\t\t<\/div>\n\t\t\t\t\t\t<\/div>\n\t\t\t\t<\/div>\n\t\t\t\t\t<\/div>\n\t\t<\/div>\n\t\t\t\t\t<\/div>\n\t\t<\/section>\n\t\t\t\t\t<\/div>\n\t\t<\/div>\n\t\t\t\t<div class=\"elementor-column elementor-col-50 elementor-top-column elementor-element elementor-element-b52275f sc_content_align_inherit sc_layouts_column_icons_position_left sc_fly_static\" data-id=\"b52275f\" data-element_type=\"column\" data-settings=\"{&quot;background_background&quot;:&quot;classic&quot;}\">\n\t\t\t<div class=\"elementor-widget-wrap elementor-element-populated\">\n\t\t\t\t\t\t<div class=\"elementor-element elementor-element-4f6f73c sc_layouts_hide_on_tablet sc_layouts_hide_on_wide sc_layouts_hide_on_desktop sc_layouts_hide_on_notebook sc_fly_static elementor-widget elementor-widget-spacer\" data-id=\"4f6f73c\" data-element_type=\"widget\" data-widget_type=\"spacer.default\">\n\t\t\t\t<div class=\"elementor-widget-container\">\n\t\t\t\t\t\t\t<div class=\"elementor-spacer\">\n\t\t\t<div class=\"elementor-spacer-inner\"><\/div>\n\t\t<\/div>\n\t\t\t\t\t\t<\/div>\n\t\t\t\t<\/div>\n\t\t\t\t<div class=\"elementor-element elementor-element-93fb2b2 scheme_default sc_fly_static elementor-widget elementor-widget-trx_sc_contact_form_7\" data-id=\"93fb2b2\" data-element_type=\"widget\" data-widget_type=\"trx_sc_contact_form_7.default\">\n\t\t\t\t<div class=\"elementor-widget-container\">\n\t\t\t\t\t\n<div class=\"wpcf7 no-js\" id=\"wpcf7-f559-o1\" lang=\"en-US\" dir=\"ltr\" data-wpcf7-id=\"559\">\n<div class=\"screen-reader-response\"><p role=\"status\" aria-live=\"polite\" aria-atomic=\"true\"><\/p> <ul><\/ul><\/div>\n<form action=\"\/en\/wp-json\/wp\/v2\/pages\/1440#wpcf7-f559-o1\" method=\"post\" class=\"wpcf7-form init\" aria-label=\"Contact form\" novalidate=\"novalidate\" data-status=\"init\" data-trp-original-action=\"\/en\/wp-json\/wp\/v2\/pages\/1440#wpcf7-f559-o1\">\n<div style=\"display: none;\">\n<input type=\"hidden\" name=\"_wpcf7\" value=\"559\" \/>\n<input type=\"hidden\" name=\"_wpcf7_version\" value=\"6.0.6\" \/>\n<input type=\"hidden\" name=\"_wpcf7_locale\" value=\"en_US\" \/>\n<input type=\"hidden\" name=\"_wpcf7_unit_tag\" value=\"wpcf7-f559-o1\" \/>\n<input type=\"hidden\" name=\"_wpcf7_container_post\" value=\"0\" \/>\n<input type=\"hidden\" name=\"_wpcf7_posted_data_hash\" value=\"\" \/>\n<\/div>\n<div class=\"form-style-7\">\n\t<h4>Personal Information\n\t<\/h4>\n\t<div class=\"columns_wrap\">\n\t\t<p><span class=\"style-line icon-name\"><span class=\"wpcf7-form-control-wrap\" data-name=\"your-name\"><input size=\"40\" maxlength=\"400\" class=\"wpcf7-form-control wpcf7-text wpcf7-validates-as-required\" aria-required=\"true\" aria-invalid=\"false\" placeholder=\"Full Name\" value=\"\" type=\"text\" name=\"your-name\" \/><\/span><\/span><br \/>\n<span class=\"style-line icon-phone\"><span class=\"wpcf7-form-control-wrap\" data-name=\"phone\"><input size=\"40\" maxlength=\"400\" class=\"wpcf7-form-control wpcf7-tel wpcf7-validates-as-required wpcf7-text wpcf7-validates-as-tel\" aria-required=\"true\" aria-invalid=\"false\" placeholder=\"Phone Number\" value=\"\" type=\"tel\" name=\"phone\" \/><\/span><\/span><br \/>\n<span class=\"style-line icon-email\"><span class=\"wpcf7-form-control-wrap\" data-name=\"your-email\"><input size=\"40\" maxlength=\"400\" class=\"wpcf7-form-control wpcf7-email wpcf7-validates-as-required wpcf7-text wpcf7-validates-as-email\" aria-required=\"true\" aria-invalid=\"false\" placeholder=\"Email Address\" value=\"\" type=\"email\" name=\"your-email\" \/><\/span><\/span><br \/>\n<span class=\"style-line icon-location\"><span class=\"wpcf7-form-control-wrap\" data-name=\"subject\"><input size=\"40\" maxlength=\"400\" class=\"wpcf7-form-control wpcf7-text wpcf7-validates-as-required\" aria-required=\"true\" aria-invalid=\"false\" placeholder=\"City\/District\" value=\"\" type=\"text\" name=\"subject\" \/><\/span><\/span>\n\t\t<\/p>\n\t<\/div>\n\t<h4>Vehicle Information\n\t<\/h4>\n\t<div class=\"columns_wrap\">\n\t\t<p><span class=\"style-line icon-car\"><span class=\"wpcf7-form-control-wrap\" data-name=\"car-brand\"><input size=\"40\" maxlength=\"400\" class=\"wpcf7-form-control wpcf7-text wpcf7-validates-as-required\" aria-required=\"true\" aria-invalid=\"false\" placeholder=\"Vehicle Make and Model\" value=\"\" type=\"text\" name=\"car-brand\" \/><\/span><\/span><br \/>\n<span class=\"style-line icon-year\"><span class=\"wpcf7-form-control-wrap\" data-name=\"car-year\"><input size=\"40\" maxlength=\"400\" class=\"wpcf7-form-control wpcf7-text wpcf7-validates-as-required\" aria-required=\"true\" aria-invalid=\"false\" placeholder=\"Vehicle Year\" value=\"\" type=\"text\" name=\"car-year\" \/><\/span><\/span><br \/>\n<span class=\"style-line icon-features\"><span class=\"wpcf7-form-control-wrap\" data-name=\"car-features\"><textarea cols=\"40\" rows=\"10\" maxlength=\"2000\" class=\"wpcf7-form-control wpcf7-textarea\" aria-invalid=\"false\" placeholder=\"Current Vehicle Features\" name=\"car-features\"><\/textarea><\/span><\/span>\n\t\t<\/p>\n\t<\/div>\n\t<h4>Request Information\n\t<\/h4>\n\t<h6>Which Service Do You Require?\n\t<\/h6>\n\t<div class=\"columns_wrap\">\n\t\t<p><span class=\"style-line icon-service\"><span class=\"wpcf7-form-control-wrap\" data-name=\"service\"><select class=\"wpcf7-form-control wpcf7-select wpcf7-validates-as-required\" aria-required=\"true\" aria-invalid=\"false\" name=\"service\"><option value=\"VIP Ara\u00e7 Dizayn\u0131\">VIP Vehicle Design<\/option><option value=\"Karavan Dizayn\u0131\">Caravan Design<\/option><\/select><\/span><\/span>\n\t\t<\/p>\n\t\t<h6>Areas You Wish to Customize (Please describe in detail):\n\t\t<\/h6>\n\t\t<p><span class=\"style-line icon-customization\"><span class=\"wpcf7-form-control-wrap\" data-name=\"customization-areas\"><span class=\"wpcf7-form-control wpcf7-checkbox\"><span class=\"wpcf7-list-item first\"><input type=\"checkbox\" name=\"customization-areas[]\" value=\"\u0130\u00e7 Mekan\" \/><span class=\"wpcf7-list-item-label\">Interior<\/span><\/span><span class=\"wpcf7-list-item\"><input type=\"checkbox\" name=\"customization-areas[]\" value=\"D\u0131\u015f Mekan\" \/><span class=\"wpcf7-list-item-label\">Exterior<\/span><\/span><span class=\"wpcf7-list-item last\"><input type=\"checkbox\" name=\"customization-areas[]\" value=\"Teknolojik Donan\u0131mlar\" \/><span class=\"wpcf7-list-item-label\">Technological Equipment<\/span><\/span><\/span><\/span><\/span><br \/>\n<span class=\"style-line icon-extra-requests\"><span class=\"wpcf7-form-control-wrap\" data-name=\"extra-requests\"><input size=\"40\" maxlength=\"400\" class=\"wpcf7-form-control wpcf7-text\" aria-invalid=\"false\" placeholder=\"Other (please specify):\" value=\"\" type=\"text\" name=\"extra-requests\" \/><\/span><\/span>\n\t\t<\/p>\n\t\t<h6>What is Your Intended Use?\n\t\t<\/h6>\n\t\t<p><span class=\"style-line icon-purpose\"><span class=\"wpcf7-form-control-wrap\" data-name=\"usage-purpose\"><span class=\"wpcf7-form-control wpcf7-radio\"><span class=\"wpcf7-list-item first\"><input type=\"radio\" name=\"usage-purpose\" value=\"\u015eahsi Kullan\u0131m\" \/><span class=\"wpcf7-list-item-label\">Personal Use<\/span><\/span><span class=\"wpcf7-list-item\"><input type=\"radio\" name=\"usage-purpose\" value=\"Ticari Kullan\u0131m\" \/><span class=\"wpcf7-list-item-label\">Commercial Use<\/span><\/span><span class=\"wpcf7-list-item last\"><input type=\"radio\" name=\"usage-purpose\" value=\"Seyahat Ama\u00e7l\u0131\" \/><span class=\"wpcf7-list-item-label\">For Travel<\/span><\/span><\/span><\/span><\/span><br \/>\n<span class=\"style-line icon-extra-requests\"><span class=\"wpcf7-form-control-wrap\" data-name=\"extra-requests\"><input size=\"40\" maxlength=\"400\" class=\"wpcf7-form-control wpcf7-text\" aria-invalid=\"false\" placeholder=\"Other (please specify):\" value=\"\" type=\"text\" name=\"extra-requests\" \/><\/span><\/span>\n\t\t<\/p>\n\t\t<h6>Additional Requests or Comments:\n\t\t<\/h6>\n\t\t<p><span class=\"style-line icon-extra-requests\"><span class=\"wpcf7-form-control-wrap\" data-name=\"extra-requests\"><textarea cols=\"40\" rows=\"10\" maxlength=\"2000\" class=\"wpcf7-form-control wpcf7-textarea\" aria-invalid=\"false\" placeholder=\"Additional Requests or Comments:\" name=\"extra-requests\"><\/textarea><\/span><\/span>\n\t\t<\/p>\n\t<\/div>\n\t<h4>Appointment Details\n\t<\/h4>\n\t<h6>Preferred Date and Time for the Appointment:\n\t<\/h6>\n\t<div class=\"columns_wrap\">\n\t\t<div class=\"column-1_1\">\n\t\t\t<p><span class=\"style-line icon-date\"><span class=\"wpcf7-form-control-wrap\" data-name=\"preferred-date\"><input class=\"wpcf7-form-control wpcf7-date wpcf7-validates-as-required wpcf7-validates-as-date\" aria-required=\"true\" aria-invalid=\"false\" placeholder=\"Preferred Date and Time for the Appointment:\" value=\"\" type=\"date\" name=\"preferred-date\" \/><\/span><\/span><br \/>\n<span class=\"style-line icon-date\"><span class=\"wpcf7-form-control-wrap\" data-name=\"timepicker\"><input size=\"40\" maxlength=\"400\" class=\"wpcf7-form-control wpcf7-text wpcf7-validates-as-required walcf7-timepicker\" aria-required=\"true\" aria-invalid=\"false\" placeholder=\"G\u00f6r\u00fc\u015fme i\u00e7in Tercih Etti\u011finiz Saat\" value=\"\" type=\"text\" name=\"timepicker\" \/><\/span><\/span>\n\t\t\t<\/p>\n\t\t\t<h6>Preferred Method of Contact:\n\t\t\t<\/h6>\n\t\t\t<p><span class=\"style-line icon-contact-method\"><span class=\"wpcf7-form-control-wrap\" data-name=\"preferred-contact-method\"><span class=\"wpcf7-form-control wpcf7-radio\"><span class=\"wpcf7-list-item first\"><input type=\"radio\" name=\"preferred-contact-method\" value=\"Telefon\" \/><span class=\"wpcf7-list-item-label\">Phone<\/span><\/span><span class=\"wpcf7-list-item\"><input type=\"radio\" name=\"preferred-contact-method\" value=\"E-posta\" \/><span class=\"wpcf7-list-item-label\">Email<\/span><\/span><span class=\"wpcf7-list-item last\"><input type=\"radio\" name=\"preferred-contact-method\" value=\"Y\u00fcz y\u00fcze\" \/><span class=\"wpcf7-list-item-label\">In-person<\/span><\/span><\/span><\/span><\/span>\n\t\t\t<\/p>\n\t\t<\/div>\n\t<\/div>\n\t<div class=\"columns_wrap\">\n\t\t<div class=\"column-1_1\">\n\t\t\t<p><span class=\"wpcf7-form-control-wrap\" data-name=\"acceptance\"><span class=\"wpcf7-form-control wpcf7-acceptance\"><span class=\"wpcf7-list-item\"><label><input type=\"checkbox\" name=\"acceptance\" value=\"1\" aria-invalid=\"false\" \/><span class=\"wpcf7-list-item-label\">I agree that my submitted data is <a href=\"\/en\/gizlilik-politikasi\/\">gathered and collected.<\/a>.<\/span><\/label><\/span><\/span><\/span><br \/>\n<input class=\"wpcf7-form-control wpcf7-submit has-spinner\" type=\"submit\" value=\"Get in Touch\" \/>\n\t\t\t<\/p>\n\t\t<\/div>\n\t<\/div>\n<\/div><div class=\"wpcf7-response-output\" aria-hidden=\"true\"><\/div>\n<input type=\"hidden\" name=\"trp-form-language\" value=\"en\"\/><\/form>\n<\/div>\n\t\t\t\t<\/div>\n\t\t\t\t<\/div>\n\t\t\t\t\t<\/div>\n\t\t<\/div>\n\t\t\t\t\t<\/div>\n\t\t<\/section>\n\t\t\t\t<\/div>","protected":false},"excerpt":{"rendered":"<p>Bizimle ileti\u015fime ge\u00e7in! Ki\u015fisel Bilgiler Arac\u0131n\u0131z ile \u0130lgili Bilgiler Talep Bilgileri Hangi Hizmeti Talep Ediyorsunuz? VIP Ara\u00e7 Dizayn\u0131Karavan Dizayn\u0131 \u00d6zelle\u015ftirmek \u0130stedi\u011finiz Alanlar (L\u00fctfen detayl\u0131 a\u00e7\u0131klay\u0131n): \u0130\u00e7 MekanD\u0131\u015f MekanTeknolojik Donan\u0131mlarDi\u011fer (l\u00fctfen&hellip;<\/p>","protected":false},"author":1,"featured_media":0,"parent":0,"menu_order":0,"comment_status":"closed","ping_status":"closed","template":"","meta":{"_themeisle_gutenberg_block_has_review":false,"footnotes":""},"class_list":["post-1440","page","type-page","status-publish","hentry"],"_links":{"self":[{"href":"https:\/\/elitvipdizayn.com\/en\/wp-json\/wp\/v2\/pages\/1440","targetHints":{"allow":["GET"]}}],"collection":[{"href":"https:\/\/elitvipdizayn.com\/en\/wp-json\/wp\/v2\/pages"}],"about":[{"href":"https:\/\/elitvipdizayn.com\/en\/wp-json\/wp\/v2\/types\/page"}],"author":[{"embeddable":true,"href":"https:\/\/elitvipdizayn.com\/en\/wp-json\/wp\/v2\/users\/1"}],"replies":[{"embeddable":true,"href":"https:\/\/elitvipdizayn.com\/en\/wp-json\/wp\/v2\/comments?post=1440"}],"version-history":[{"count":16,"href":"https:\/\/elitvipdizayn.com\/en\/wp-json\/wp\/v2\/pages\/1440\/revisions"}],"predecessor-version":[{"id":40832,"href":"https:\/\/elitvipdizayn.com\/en\/wp-json\/wp\/v2\/pages\/1440\/revisions\/40832"}],"wp:attachment":[{"href":"https:\/\/elitvipdizayn.com\/en\/wp-json\/wp\/v2\/media?parent=1440"}],"curies":[{"name":"wp","href":"https:\/\/api.w.org\/{rel}","templated":true}]}}